{"id":3659,"date":"2021-05-31T13:01:40","date_gmt":"2021-05-31T11:01:40","guid":{"rendered":"https:\/\/www.friderici.com\/?page_id=3659"},"modified":"2025-10-22T13:51:37","modified_gmt":"2025-10-22T11:51:37","slug":"praesentation","status":"publish","type":"page","link":"https:\/\/www.friderici.com\/de\/das-unternehmen\/praesentation\/","title":{"rendered":"Pr\u00e4sentation"},"content":{"rendered":"","protected":false},"excerpt":{"rendered":"","protected":false},"author":1,"featured_media":0,"parent":3560,"menu_order":0,"comment_status":"closed","ping_status":"closed","template":"","meta":{"_acf_changed":false,"footnotes":""},"class_list":["post-3659","page","type-page","status-publish","hentry"],"acf":[],"yoast_head":"<!-- This site is optimized with the Yoast SEO plugin v27.5 - https:\/\/yoast.com\/product\/yoast-seo-wordpress\/ -->\n<title>Transportunternehmen, Schweizer Transporteur | Friderici Sp\u00e9cial<\/title>\n<meta name=\"description\" content=\"W\u00e4hlen Sie das Schweizer Transportunternehmen f\u00fcr alle Ihre Projekte: Schwertransporte, Hebevorg\u00e4nge, Umschlag und Lagerung. Ein erfahrener und investierter Transporteur.\" \/>\n<meta name=\"robots\" content=\"index, follow, max-snippet:-1, max-image-preview:large, max-video-preview:-1\" \/>\n<link rel=\"canonical\" href=\"https:\/\/www.friderici.com\/de\/das-unternehmen\/praesentation\/\" \/>\n<meta property=\"og:locale\" content=\"de_DE\" \/>\n<meta property=\"og:type\" content=\"article\" \/>\n<meta property=\"og:title\" content=\"Transportunternehmen, Schweizer Transporteur | Friderici Sp\u00e9cial\" \/>\n<meta property=\"og:description\" content=\"W\u00e4hlen Sie das Schweizer Transportunternehmen f\u00fcr alle Ihre Projekte: Schwertransporte, Hebevorg\u00e4nge, Umschlag und Lagerung. Ein erfahrener und investierter Transporteur.\" \/>\n<meta property=\"og:url\" content=\"https:\/\/www.friderici.com\/de\/das-unternehmen\/praesentation\/\" \/>\n<meta property=\"og:site_name\" content=\"Friderici Sp\u00e9cial\" \/>\n<meta property=\"article:modified_time\" content=\"2025-10-22T11:51:37+00:00\" \/>\n<meta name=\"twitter:card\" content=\"summary_large_image\" \/>\n<script type=\"application\/ld+json\" class=\"yoast-schema-graph\">{\"@context\":\"https:\\\/\\\/schema.org\",\"@graph\":[{\"@type\":\"WebPage\",\"@id\":\"https:\\\/\\\/www.friderici.com\\\/de\\\/das-unternehmen\\\/praesentation\\\/\",\"url\":\"https:\\\/\\\/www.friderici.com\\\/de\\\/das-unternehmen\\\/praesentation\\\/\",\"name\":\"Transportunternehmen, Schweizer Transporteur | Friderici Sp\u00e9cial\",\"isPartOf\":{\"@id\":\"https:\\\/\\\/www.friderici.com\\\/de\\\/#website\"},\"datePublished\":\"2021-05-31T11:01:40+00:00\",\"dateModified\":\"2025-10-22T11:51:37+00:00\",\"description\":\"W\u00e4hlen Sie das Schweizer Transportunternehmen f\u00fcr alle Ihre Projekte: Schwertransporte, Hebevorg\u00e4nge, Umschlag und Lagerung. Ein erfahrener und investierter Transporteur.\",\"breadcrumb\":{\"@id\":\"https:\\\/\\\/www.friderici.com\\\/de\\\/das-unternehmen\\\/praesentation\\\/#breadcrumb\"},\"inLanguage\":\"de\",\"potentialAction\":[{\"@type\":\"ReadAction\",\"target\":[\"https:\\\/\\\/www.friderici.com\\\/de\\\/das-unternehmen\\\/praesentation\\\/\"]}]},{\"@type\":\"BreadcrumbList\",\"@id\":\"https:\\\/\\\/www.friderici.com\\\/de\\\/das-unternehmen\\\/praesentation\\\/#breadcrumb\",\"itemListElement\":[{\"@type\":\"ListItem\",\"position\":1,\"name\":\"Accueil\",\"item\":\"https:\\\/\\\/www.friderici.com\\\/de\\\/\"},{\"@type\":\"ListItem\",\"position\":2,\"name\":\"Das Unternehmen\",\"item\":\"https:\\\/\\\/www.friderici.com\\\/de\\\/das-unternehmen\\\/\"},{\"@type\":\"ListItem\",\"position\":3,\"name\":\"Pr\u00e4sentation\"}]},{\"@type\":\"WebSite\",\"@id\":\"https:\\\/\\\/www.friderici.com\\\/de\\\/#website\",\"url\":\"https:\\\/\\\/www.friderici.com\\\/de\\\/\",\"name\":\"Friderici Sp\u00e9cial\",\"description\":\"\",\"publisher\":{\"@id\":\"https:\\\/\\\/www.friderici.com\\\/de\\\/#organization\"},\"potentialAction\":[{\"@type\":\"SearchAction\",\"target\":{\"@type\":\"EntryPoint\",\"urlTemplate\":\"https:\\\/\\\/www.friderici.com\\\/de\\\/?s={search_term_string}\"},\"query-input\":{\"@type\":\"PropertyValueSpecification\",\"valueRequired\":true,\"valueName\":\"search_term_string\"}}],\"inLanguage\":\"de\"},{\"@type\":\"Organization\",\"@id\":\"https:\\\/\\\/www.friderici.com\\\/de\\\/#organization\",\"name\":\"Friderici Sp\u00e9cial\",\"url\":\"https:\\\/\\\/www.friderici.com\\\/de\\\/\",\"logo\":{\"@type\":\"ImageObject\",\"inLanguage\":\"de\",\"@id\":\"https:\\\/\\\/www.friderici.com\\\/de\\\/#\\\/schema\\\/logo\\\/image\\\/\",\"url\":\"https:\\\/\\\/www.friderici.com\\\/wp-content\\\/uploads\\\/2021\\\/07\\\/friderici-special-logo-blanc.png\",\"contentUrl\":\"https:\\\/\\\/www.friderici.com\\\/wp-content\\\/uploads\\\/2021\\\/07\\\/friderici-special-logo-blanc.png\",\"width\":344,\"height\":70,\"caption\":\"Friderici Sp\u00e9cial\"},\"image\":{\"@id\":\"https:\\\/\\\/www.friderici.com\\\/de\\\/#\\\/schema\\\/logo\\\/image\\\/\"}}]}<\/script>\n<!-- \/ Yoast SEO plugin. -->","yoast_head_json":{"title":"Transportunternehmen, Schweizer Transporteur | Friderici Sp\u00e9cial","description":"W\u00e4hlen Sie das Schweizer Transportunternehmen f\u00fcr alle Ihre Projekte: Schwertransporte, Hebevorg\u00e4nge, Umschlag und Lagerung. Ein erfahrener und investierter Transporteur.","robots":{"index":"index","follow":"follow","max-snippet":"max-snippet:-1","max-image-preview":"max-image-preview:large","max-video-preview":"max-video-preview:-1"},"canonical":"https:\/\/www.friderici.com\/de\/das-unternehmen\/praesentation\/","og_locale":"de_DE","og_type":"article","og_title":"Transportunternehmen, Schweizer Transporteur | Friderici Sp\u00e9cial","og_description":"W\u00e4hlen Sie das Schweizer Transportunternehmen f\u00fcr alle Ihre Projekte: Schwertransporte, Hebevorg\u00e4nge, Umschlag und Lagerung. Ein erfahrener und investierter Transporteur.","og_url":"https:\/\/www.friderici.com\/de\/das-unternehmen\/praesentation\/","og_site_name":"Friderici Sp\u00e9cial","article_modified_time":"2025-10-22T11:51:37+00:00","twitter_card":"summary_large_image","schema":{"@context":"https:\/\/schema.org","@graph":[{"@type":"WebPage","@id":"https:\/\/www.friderici.com\/de\/das-unternehmen\/praesentation\/","url":"https:\/\/www.friderici.com\/de\/das-unternehmen\/praesentation\/","name":"Transportunternehmen, Schweizer Transporteur | Friderici Sp\u00e9cial","isPartOf":{"@id":"https:\/\/www.friderici.com\/de\/#website"},"datePublished":"2021-05-31T11:01:40+00:00","dateModified":"2025-10-22T11:51:37+00:00","description":"W\u00e4hlen Sie das Schweizer Transportunternehmen f\u00fcr alle Ihre Projekte: Schwertransporte, Hebevorg\u00e4nge, Umschlag und Lagerung. Ein erfahrener und investierter Transporteur.","breadcrumb":{"@id":"https:\/\/www.friderici.com\/de\/das-unternehmen\/praesentation\/#breadcrumb"},"inLanguage":"de","potentialAction":[{"@type":"ReadAction","target":["https:\/\/www.friderici.com\/de\/das-unternehmen\/praesentation\/"]}]},{"@type":"BreadcrumbList","@id":"https:\/\/www.friderici.com\/de\/das-unternehmen\/praesentation\/#breadcrumb","itemListElement":[{"@type":"ListItem","position":1,"name":"Accueil","item":"https:\/\/www.friderici.com\/de\/"},{"@type":"ListItem","position":2,"name":"Das Unternehmen","item":"https:\/\/www.friderici.com\/de\/das-unternehmen\/"},{"@type":"ListItem","position":3,"name":"Pr\u00e4sentation"}]},{"@type":"WebSite","@id":"https:\/\/www.friderici.com\/de\/#website","url":"https:\/\/www.friderici.com\/de\/","name":"Friderici Sp\u00e9cial","description":"","publisher":{"@id":"https:\/\/www.friderici.com\/de\/#organization"},"potentialAction":[{"@type":"SearchAction","target":{"@type":"EntryPoint","urlTemplate":"https:\/\/www.friderici.com\/de\/?s={search_term_string}"},"query-input":{"@type":"PropertyValueSpecification","valueRequired":true,"valueName":"search_term_string"}}],"inLanguage":"de"},{"@type":"Organization","@id":"https:\/\/www.friderici.com\/de\/#organization","name":"Friderici Sp\u00e9cial","url":"https:\/\/www.friderici.com\/de\/","logo":{"@type":"ImageObject","inLanguage":"de","@id":"https:\/\/www.friderici.com\/de\/#\/schema\/logo\/image\/","url":"https:\/\/www.friderici.com\/wp-content\/uploads\/2021\/07\/friderici-special-logo-blanc.png","contentUrl":"https:\/\/www.friderici.com\/wp-content\/uploads\/2021\/07\/friderici-special-logo-blanc.png","width":344,"height":70,"caption":"Friderici Sp\u00e9cial"},"image":{"@id":"https:\/\/www.friderici.com\/de\/#\/schema\/logo\/image\/"}}]}},"_links":{"self":[{"href":"https:\/\/www.friderici.com\/de\/wp-json\/wp\/v2\/pages\/3659","targetHints":{"allow":["GET"]}}],"collection":[{"href":"https:\/\/www.friderici.com\/de\/wp-json\/wp\/v2\/pages"}],"about":[{"href":"https:\/\/www.friderici.com\/de\/wp-json\/wp\/v2\/types\/page"}],"author":[{"embeddable":true,"href":"https:\/\/www.friderici.com\/de\/wp-json\/wp\/v2\/users\/1"}],"replies":[{"embeddable":true,"href":"https:\/\/www.friderici.com\/de\/wp-json\/wp\/v2\/comments?post=3659"}],"version-history":[{"count":28,"href":"https:\/\/www.friderici.com\/de\/wp-json\/wp\/v2\/pages\/3659\/revisions"}],"predecessor-version":[{"id":38860,"href":"https:\/\/www.friderici.com\/de\/wp-json\/wp\/v2\/pages\/3659\/revisions\/38860"}],"up":[{"embeddable":true,"href":"https:\/\/www.friderici.com\/de\/wp-json\/wp\/v2\/pages\/3560"}],"wp:attachment":[{"href":"https:\/\/www.friderici.com\/de\/wp-json\/wp\/v2\/media?parent=3659"}],"curies":[{"name":"wp","href":"https:\/\/api.w.org\/{rel}","templated":true}]}}