{"id":3589,"date":"2021-05-14T18:07:01","date_gmt":"2021-05-14T16:07:01","guid":{"rendered":"https:\/\/www.friderici.com\/?page_id=3589"},"modified":"2025-07-02T13:23:35","modified_gmt":"2025-07-02T11:23:35","slug":"unsere-videos","status":"publish","type":"page","link":"https:\/\/www.friderici.com\/de\/fertige-projekte\/unsere-videos\/","title":{"rendered":"Unsere Videos"},"content":{"rendered":"","protected":false},"excerpt":{"rendered":"","protected":false},"author":1,"featured_media":0,"parent":8785,"menu_order":0,"comment_status":"closed","ping_status":"closed","template":"template-page\/realisations-videos.php","meta":{"_acf_changed":false,"footnotes":""},"class_list":["post-3589","page","type-page","status-publish","hentry"],"acf":[],"yoast_head":"<!-- This site is optimized with the Yoast SEO plugin v27.1.1 - https:\/\/yoast.com\/product\/yoast-seo-wordpress\/ -->\n<title>Die sch\u00f6nsten Videos deiner Karriere | Friderici Sp\u00e9cial<\/title>\n<meta name=\"description\" content=\"Werfen Sie einen Blick auf unsere sch\u00f6nsten Errungenschaften im Bereich Spezialtransporte und Aufz\u00fcge. Ihr Schweizer Transportunternehmen sorgt f\u00fcr Ihren Spezialtransport in aller Sicherheit.\" \/>\n<meta name=\"robots\" content=\"index, follow, max-snippet:-1, max-image-preview:large, max-video-preview:-1\" \/>\n<link rel=\"canonical\" href=\"https:\/\/www.friderici.com\/de\/fertige-projekte\/unsere-videos\/\" \/>\n<meta property=\"og:locale\" content=\"de_DE\" \/>\n<meta property=\"og:type\" content=\"article\" \/>\n<meta property=\"og:title\" content=\"Die sch\u00f6nsten Videos deiner Karriere | Friderici Sp\u00e9cial\" \/>\n<meta property=\"og:description\" content=\"Werfen Sie einen Blick auf unsere sch\u00f6nsten Errungenschaften im Bereich Spezialtransporte und Aufz\u00fcge. Ihr Schweizer Transportunternehmen sorgt f\u00fcr Ihren Spezialtransport in aller Sicherheit.\" \/>\n<meta property=\"og:url\" content=\"https:\/\/www.friderici.com\/de\/fertige-projekte\/unsere-videos\/\" \/>\n<meta property=\"og:site_name\" content=\"Friderici Sp\u00e9cial\" \/>\n<meta property=\"article:modified_time\" content=\"2025-07-02T11:23:35+00:00\" \/>\n<meta name=\"twitter:card\" content=\"summary_large_image\" \/>\n<script type=\"application\/ld+json\" class=\"yoast-schema-graph\">{\"@context\":\"https:\/\/schema.org\",\"@graph\":[{\"@type\":\"WebPage\",\"@id\":\"https:\/\/www.friderici.com\/de\/fertige-projekte\/unsere-videos\/\",\"url\":\"https:\/\/www.friderici.com\/de\/fertige-projekte\/unsere-videos\/\",\"name\":\"Die sch\u00f6nsten Videos deiner Karriere | Friderici Sp\u00e9cial\",\"isPartOf\":{\"@id\":\"https:\/\/www.friderici.com\/de\/#website\"},\"datePublished\":\"2021-05-14T16:07:01+00:00\",\"dateModified\":\"2025-07-02T11:23:35+00:00\",\"description\":\"Werfen Sie einen Blick auf unsere sch\u00f6nsten Errungenschaften im Bereich Spezialtransporte und Aufz\u00fcge. Ihr Schweizer Transportunternehmen sorgt f\u00fcr Ihren Spezialtransport in aller Sicherheit.\",\"breadcrumb\":{\"@id\":\"https:\/\/www.friderici.com\/de\/fertige-projekte\/unsere-videos\/#breadcrumb\"},\"inLanguage\":\"de\",\"potentialAction\":[{\"@type\":\"ReadAction\",\"target\":[\"https:\/\/www.friderici.com\/de\/fertige-projekte\/unsere-videos\/\"]}]},{\"@type\":\"BreadcrumbList\",\"@id\":\"https:\/\/www.friderici.com\/de\/fertige-projekte\/unsere-videos\/#breadcrumb\",\"itemListElement\":[{\"@type\":\"ListItem\",\"position\":1,\"name\":\"Accueil\",\"item\":\"https:\/\/www.friderici.com\/de\/\"},{\"@type\":\"ListItem\",\"position\":2,\"name\":\"Fertige Projekte\",\"item\":\"https:\/\/www.friderici.com\/de\/fertige-projekte\/\"},{\"@type\":\"ListItem\",\"position\":3,\"name\":\"Unsere Videos\"}]},{\"@type\":\"WebSite\",\"@id\":\"https:\/\/www.friderici.com\/de\/#website\",\"url\":\"https:\/\/www.friderici.com\/de\/\",\"name\":\"Friderici Sp\u00e9cial\",\"description\":\"\",\"publisher\":{\"@id\":\"https:\/\/www.friderici.com\/de\/#organization\"},\"potentialAction\":[{\"@type\":\"SearchAction\",\"target\":{\"@type\":\"EntryPoint\",\"urlTemplate\":\"https:\/\/www.friderici.com\/de\/?s={search_term_string}\"},\"query-input\":{\"@type\":\"PropertyValueSpecification\",\"valueRequired\":true,\"valueName\":\"search_term_string\"}}],\"inLanguage\":\"de\"},{\"@type\":\"Organization\",\"@id\":\"https:\/\/www.friderici.com\/de\/#organization\",\"name\":\"Friderici Sp\u00e9cial\",\"url\":\"https:\/\/www.friderici.com\/de\/\",\"logo\":{\"@type\":\"ImageObject\",\"inLanguage\":\"de\",\"@id\":\"https:\/\/www.friderici.com\/de\/#\/schema\/logo\/image\/\",\"url\":\"https:\/\/www.friderici.com\/wp-content\/uploads\/2021\/07\/friderici-special-logo-blanc.png\",\"contentUrl\":\"https:\/\/www.friderici.com\/wp-content\/uploads\/2021\/07\/friderici-special-logo-blanc.png\",\"width\":344,\"height\":70,\"caption\":\"Friderici Sp\u00e9cial\"},\"image\":{\"@id\":\"https:\/\/www.friderici.com\/de\/#\/schema\/logo\/image\/\"}}]}<\/script>\n<!-- \/ Yoast SEO plugin. -->","yoast_head_json":{"title":"Die sch\u00f6nsten Videos deiner Karriere | Friderici Sp\u00e9cial","description":"Werfen Sie einen Blick auf unsere sch\u00f6nsten Errungenschaften im Bereich Spezialtransporte und Aufz\u00fcge. Ihr Schweizer Transportunternehmen sorgt f\u00fcr Ihren Spezialtransport in aller Sicherheit.","robots":{"index":"index","follow":"follow","max-snippet":"max-snippet:-1","max-image-preview":"max-image-preview:large","max-video-preview":"max-video-preview:-1"},"canonical":"https:\/\/www.friderici.com\/de\/fertige-projekte\/unsere-videos\/","og_locale":"de_DE","og_type":"article","og_title":"Die sch\u00f6nsten Videos deiner Karriere | Friderici Sp\u00e9cial","og_description":"Werfen Sie einen Blick auf unsere sch\u00f6nsten Errungenschaften im Bereich Spezialtransporte und Aufz\u00fcge. Ihr Schweizer Transportunternehmen sorgt f\u00fcr Ihren Spezialtransport in aller Sicherheit.","og_url":"https:\/\/www.friderici.com\/de\/fertige-projekte\/unsere-videos\/","og_site_name":"Friderici Sp\u00e9cial","article_modified_time":"2025-07-02T11:23:35+00:00","twitter_card":"summary_large_image","schema":{"@context":"https:\/\/schema.org","@graph":[{"@type":"WebPage","@id":"https:\/\/www.friderici.com\/de\/fertige-projekte\/unsere-videos\/","url":"https:\/\/www.friderici.com\/de\/fertige-projekte\/unsere-videos\/","name":"Die sch\u00f6nsten Videos deiner Karriere | Friderici Sp\u00e9cial","isPartOf":{"@id":"https:\/\/www.friderici.com\/de\/#website"},"datePublished":"2021-05-14T16:07:01+00:00","dateModified":"2025-07-02T11:23:35+00:00","description":"Werfen Sie einen Blick auf unsere sch\u00f6nsten Errungenschaften im Bereich Spezialtransporte und Aufz\u00fcge. Ihr Schweizer Transportunternehmen sorgt f\u00fcr Ihren Spezialtransport in aller Sicherheit.","breadcrumb":{"@id":"https:\/\/www.friderici.com\/de\/fertige-projekte\/unsere-videos\/#breadcrumb"},"inLanguage":"de","potentialAction":[{"@type":"ReadAction","target":["https:\/\/www.friderici.com\/de\/fertige-projekte\/unsere-videos\/"]}]},{"@type":"BreadcrumbList","@id":"https:\/\/www.friderici.com\/de\/fertige-projekte\/unsere-videos\/#breadcrumb","itemListElement":[{"@type":"ListItem","position":1,"name":"Accueil","item":"https:\/\/www.friderici.com\/de\/"},{"@type":"ListItem","position":2,"name":"Fertige Projekte","item":"https:\/\/www.friderici.com\/de\/fertige-projekte\/"},{"@type":"ListItem","position":3,"name":"Unsere Videos"}]},{"@type":"WebSite","@id":"https:\/\/www.friderici.com\/de\/#website","url":"https:\/\/www.friderici.com\/de\/","name":"Friderici Sp\u00e9cial","description":"","publisher":{"@id":"https:\/\/www.friderici.com\/de\/#organization"},"potentialAction":[{"@type":"SearchAction","target":{"@type":"EntryPoint","urlTemplate":"https:\/\/www.friderici.com\/de\/?s={search_term_string}"},"query-input":{"@type":"PropertyValueSpecification","valueRequired":true,"valueName":"search_term_string"}}],"inLanguage":"de"},{"@type":"Organization","@id":"https:\/\/www.friderici.com\/de\/#organization","name":"Friderici Sp\u00e9cial","url":"https:\/\/www.friderici.com\/de\/","logo":{"@type":"ImageObject","inLanguage":"de","@id":"https:\/\/www.friderici.com\/de\/#\/schema\/logo\/image\/","url":"https:\/\/www.friderici.com\/wp-content\/uploads\/2021\/07\/friderici-special-logo-blanc.png","contentUrl":"https:\/\/www.friderici.com\/wp-content\/uploads\/2021\/07\/friderici-special-logo-blanc.png","width":344,"height":70,"caption":"Friderici Sp\u00e9cial"},"image":{"@id":"https:\/\/www.friderici.com\/de\/#\/schema\/logo\/image\/"}}]}},"_links":{"self":[{"href":"https:\/\/www.friderici.com\/de\/wp-json\/wp\/v2\/pages\/3589","targetHints":{"allow":["GET"]}}],"collection":[{"href":"https:\/\/www.friderici.com\/de\/wp-json\/wp\/v2\/pages"}],"about":[{"href":"https:\/\/www.friderici.com\/de\/wp-json\/wp\/v2\/types\/page"}],"author":[{"embeddable":true,"href":"https:\/\/www.friderici.com\/de\/wp-json\/wp\/v2\/users\/1"}],"replies":[{"embeddable":true,"href":"https:\/\/www.friderici.com\/de\/wp-json\/wp\/v2\/comments?post=3589"}],"version-history":[{"count":8,"href":"https:\/\/www.friderici.com\/de\/wp-json\/wp\/v2\/pages\/3589\/revisions"}],"predecessor-version":[{"id":36955,"href":"https:\/\/www.friderici.com\/de\/wp-json\/wp\/v2\/pages\/3589\/revisions\/36955"}],"up":[{"embeddable":true,"href":"https:\/\/www.friderici.com\/de\/wp-json\/wp\/v2\/pages\/8785"}],"wp:attachment":[{"href":"https:\/\/www.friderici.com\/de\/wp-json\/wp\/v2\/media?parent=3589"}],"curies":[{"name":"wp","href":"https:\/\/api.w.org\/{rel}","templated":true}]}}