{"id":32343,"date":"2024-04-12T14:55:45","date_gmt":"2024-04-12T12:55:45","guid":{"rendered":"https:\/\/www.friderici.com\/portes-ouvertes\/"},"modified":"2024-04-15T15:07:17","modified_gmt":"2024-04-15T13:07:17","slug":"offene-tueren","status":"publish","type":"page","link":"https:\/\/www.friderici.com\/de\/offene-tueren\/","title":{"rendered":"Offene T\u00fcren"},"content":{"rendered":"","protected":false},"excerpt":{"rendered":"","protected":false},"author":1,"featured_media":0,"parent":0,"menu_order":0,"comment_status":"closed","ping_status":"closed","template":"","meta":{"_acf_changed":false,"footnotes":""},"class_list":["post-32343","page","type-page","status-publish","hentry"],"acf":[],"yoast_head":"<!-- This site is optimized with the Yoast SEO plugin v27.1.1 - https:\/\/yoast.com\/product\/yoast-seo-wordpress\/ -->\n<title>Transportunternehmer, erfahren Sie mehr \u00fcber unsere Berufe | Friderici Spezial<\/title>\n<meta name=\"description\" content=\"Erfahren Sie mehr \u00fcber unseren Beruf als Spediteur bei unserem Tag der offenen T\u00fcr am 3. und 4. Mai 2024 in Tolochenaz!\" \/>\n<meta name=\"robots\" content=\"index, nofollow, max-snippet:-1, max-image-preview:large, max-video-preview:-1\" \/>\n<link rel=\"canonical\" href=\"https:\/\/www.friderici.com\/de\/offene-tueren\/\" \/>\n<meta property=\"og:locale\" content=\"de_DE\" \/>\n<meta property=\"og:type\" content=\"article\" \/>\n<meta property=\"og:title\" content=\"Transportunternehmer, erfahren Sie mehr \u00fcber unsere Berufe | Friderici Spezial\" \/>\n<meta property=\"og:description\" content=\"Erfahren Sie mehr \u00fcber unseren Beruf als Spediteur bei unserem Tag der offenen T\u00fcr am 3. und 4. Mai 2024 in Tolochenaz!\" \/>\n<meta property=\"og:url\" content=\"https:\/\/www.friderici.com\/de\/offene-tueren\/\" \/>\n<meta property=\"og:site_name\" content=\"Friderici Sp\u00e9cial\" \/>\n<meta property=\"article:modified_time\" content=\"2024-04-15T13:07:17+00:00\" \/>\n<meta name=\"twitter:card\" content=\"summary_large_image\" \/>\n<script type=\"application\/ld+json\" class=\"yoast-schema-graph\">{\"@context\":\"https:\/\/schema.org\",\"@graph\":[{\"@type\":\"WebPage\",\"@id\":\"https:\/\/www.friderici.com\/de\/offene-tueren\/\",\"url\":\"https:\/\/www.friderici.com\/de\/offene-tueren\/\",\"name\":\"Transportunternehmer, erfahren Sie mehr \u00fcber unsere Berufe | Friderici Spezial\",\"isPartOf\":{\"@id\":\"https:\/\/www.friderici.com\/de\/#website\"},\"datePublished\":\"2024-04-12T12:55:45+00:00\",\"dateModified\":\"2024-04-15T13:07:17+00:00\",\"description\":\"Erfahren Sie mehr \u00fcber unseren Beruf als Spediteur bei unserem Tag der offenen T\u00fcr am 3. und 4. Mai 2024 in Tolochenaz!\",\"breadcrumb\":{\"@id\":\"https:\/\/www.friderici.com\/de\/offene-tueren\/#breadcrumb\"},\"inLanguage\":\"de\",\"potentialAction\":[{\"@type\":\"ReadAction\",\"target\":[\"https:\/\/www.friderici.com\/de\/offene-tueren\/\"]}]},{\"@type\":\"BreadcrumbList\",\"@id\":\"https:\/\/www.friderici.com\/de\/offene-tueren\/#breadcrumb\",\"itemListElement\":[{\"@type\":\"ListItem\",\"position\":1,\"name\":\"Accueil\",\"item\":\"https:\/\/www.friderici.com\/de\/\"},{\"@type\":\"ListItem\",\"position\":2,\"name\":\"Offene T\u00fcren\"}]},{\"@type\":\"WebSite\",\"@id\":\"https:\/\/www.friderici.com\/de\/#website\",\"url\":\"https:\/\/www.friderici.com\/de\/\",\"name\":\"Friderici Sp\u00e9cial\",\"description\":\"\",\"publisher\":{\"@id\":\"https:\/\/www.friderici.com\/de\/#organization\"},\"potentialAction\":[{\"@type\":\"SearchAction\",\"target\":{\"@type\":\"EntryPoint\",\"urlTemplate\":\"https:\/\/www.friderici.com\/de\/?s={search_term_string}\"},\"query-input\":{\"@type\":\"PropertyValueSpecification\",\"valueRequired\":true,\"valueName\":\"search_term_string\"}}],\"inLanguage\":\"de\"},{\"@type\":\"Organization\",\"@id\":\"https:\/\/www.friderici.com\/de\/#organization\",\"name\":\"Friderici Sp\u00e9cial\",\"url\":\"https:\/\/www.friderici.com\/de\/\",\"logo\":{\"@type\":\"ImageObject\",\"inLanguage\":\"de\",\"@id\":\"https:\/\/www.friderici.com\/de\/#\/schema\/logo\/image\/\",\"url\":\"https:\/\/www.friderici.com\/wp-content\/uploads\/2021\/07\/friderici-special-logo-blanc.png\",\"contentUrl\":\"https:\/\/www.friderici.com\/wp-content\/uploads\/2021\/07\/friderici-special-logo-blanc.png\",\"width\":344,\"height\":70,\"caption\":\"Friderici Sp\u00e9cial\"},\"image\":{\"@id\":\"https:\/\/www.friderici.com\/de\/#\/schema\/logo\/image\/\"}}]}<\/script>\n<!-- \/ Yoast SEO plugin. -->","yoast_head_json":{"title":"Transportunternehmer, erfahren Sie mehr \u00fcber unsere Berufe | Friderici Spezial","description":"Erfahren Sie mehr \u00fcber unseren Beruf als Spediteur bei unserem Tag der offenen T\u00fcr am 3. und 4. Mai 2024 in Tolochenaz!","robots":{"index":"index","follow":"nofollow","max-snippet":"max-snippet:-1","max-image-preview":"max-image-preview:large","max-video-preview":"max-video-preview:-1"},"canonical":"https:\/\/www.friderici.com\/de\/offene-tueren\/","og_locale":"de_DE","og_type":"article","og_title":"Transportunternehmer, erfahren Sie mehr \u00fcber unsere Berufe | Friderici Spezial","og_description":"Erfahren Sie mehr \u00fcber unseren Beruf als Spediteur bei unserem Tag der offenen T\u00fcr am 3. und 4. Mai 2024 in Tolochenaz!","og_url":"https:\/\/www.friderici.com\/de\/offene-tueren\/","og_site_name":"Friderici Sp\u00e9cial","article_modified_time":"2024-04-15T13:07:17+00:00","twitter_card":"summary_large_image","schema":{"@context":"https:\/\/schema.org","@graph":[{"@type":"WebPage","@id":"https:\/\/www.friderici.com\/de\/offene-tueren\/","url":"https:\/\/www.friderici.com\/de\/offene-tueren\/","name":"Transportunternehmer, erfahren Sie mehr \u00fcber unsere Berufe | Friderici Spezial","isPartOf":{"@id":"https:\/\/www.friderici.com\/de\/#website"},"datePublished":"2024-04-12T12:55:45+00:00","dateModified":"2024-04-15T13:07:17+00:00","description":"Erfahren Sie mehr \u00fcber unseren Beruf als Spediteur bei unserem Tag der offenen T\u00fcr am 3. und 4. Mai 2024 in Tolochenaz!","breadcrumb":{"@id":"https:\/\/www.friderici.com\/de\/offene-tueren\/#breadcrumb"},"inLanguage":"de","potentialAction":[{"@type":"ReadAction","target":["https:\/\/www.friderici.com\/de\/offene-tueren\/"]}]},{"@type":"BreadcrumbList","@id":"https:\/\/www.friderici.com\/de\/offene-tueren\/#breadcrumb","itemListElement":[{"@type":"ListItem","position":1,"name":"Accueil","item":"https:\/\/www.friderici.com\/de\/"},{"@type":"ListItem","position":2,"name":"Offene T\u00fcren"}]},{"@type":"WebSite","@id":"https:\/\/www.friderici.com\/de\/#website","url":"https:\/\/www.friderici.com\/de\/","name":"Friderici Sp\u00e9cial","description":"","publisher":{"@id":"https:\/\/www.friderici.com\/de\/#organization"},"potentialAction":[{"@type":"SearchAction","target":{"@type":"EntryPoint","urlTemplate":"https:\/\/www.friderici.com\/de\/?s={search_term_string}"},"query-input":{"@type":"PropertyValueSpecification","valueRequired":true,"valueName":"search_term_string"}}],"inLanguage":"de"},{"@type":"Organization","@id":"https:\/\/www.friderici.com\/de\/#organization","name":"Friderici Sp\u00e9cial","url":"https:\/\/www.friderici.com\/de\/","logo":{"@type":"ImageObject","inLanguage":"de","@id":"https:\/\/www.friderici.com\/de\/#\/schema\/logo\/image\/","url":"https:\/\/www.friderici.com\/wp-content\/uploads\/2021\/07\/friderici-special-logo-blanc.png","contentUrl":"https:\/\/www.friderici.com\/wp-content\/uploads\/2021\/07\/friderici-special-logo-blanc.png","width":344,"height":70,"caption":"Friderici Sp\u00e9cial"},"image":{"@id":"https:\/\/www.friderici.com\/de\/#\/schema\/logo\/image\/"}}]}},"_links":{"self":[{"href":"https:\/\/www.friderici.com\/de\/wp-json\/wp\/v2\/pages\/32343","targetHints":{"allow":["GET"]}}],"collection":[{"href":"https:\/\/www.friderici.com\/de\/wp-json\/wp\/v2\/pages"}],"about":[{"href":"https:\/\/www.friderici.com\/de\/wp-json\/wp\/v2\/types\/page"}],"author":[{"embeddable":true,"href":"https:\/\/www.friderici.com\/de\/wp-json\/wp\/v2\/users\/1"}],"replies":[{"embeddable":true,"href":"https:\/\/www.friderici.com\/de\/wp-json\/wp\/v2\/comments?post=32343"}],"version-history":[{"count":2,"href":"https:\/\/www.friderici.com\/de\/wp-json\/wp\/v2\/pages\/32343\/revisions"}],"predecessor-version":[{"id":32352,"href":"https:\/\/www.friderici.com\/de\/wp-json\/wp\/v2\/pages\/32343\/revisions\/32352"}],"wp:attachment":[{"href":"https:\/\/www.friderici.com\/de\/wp-json\/wp\/v2\/media?parent=32343"}],"curies":[{"name":"wp","href":"https:\/\/api.w.org\/{rel}","templated":true}]}}