{"id":30460,"date":"2023-11-06T12:49:21","date_gmt":"2023-11-06T11:49:21","guid":{"rendered":"https:\/\/www.friderici.com\/?page_id=30460"},"modified":"2024-07-30T09:44:13","modified_gmt":"2024-07-30T07:44:13","slug":"bootstransport","status":"publish","type":"page","link":"https:\/\/www.friderici.com\/de\/unsere-aktivitaeten\/bootstransport\/","title":{"rendered":"Bootstransport"},"content":{"rendered":"","protected":false},"excerpt":{"rendered":"","protected":false},"author":1,"featured_media":0,"parent":3596,"menu_order":0,"comment_status":"closed","ping_status":"closed","template":"","meta":{"_acf_changed":false,"footnotes":""},"class_list":["post-30460","page","type-page","status-publish","hentry"],"acf":[],"yoast_head":"<!-- This site is optimized with the Yoast SEO plugin v27.1.1 - https:\/\/yoast.com\/product\/yoast-seo-wordpress\/ -->\n<title>Bootstransport, Genferseebecken und Europa | Friderici Special<\/title>\n<meta name=\"description\" content=\"Ihr Experte f\u00fcr die \u00dcberf\u00fchrung von Booten im Genferseegebiet und in Europa. Vom Genfersee bis zu den Ozeanen ist Ihr Boot in guten H\u00e4nden\" \/>\n<meta name=\"robots\" content=\"index, follow, max-snippet:-1, max-image-preview:large, max-video-preview:-1\" \/>\n<link rel=\"canonical\" href=\"https:\/\/www.friderici.com\/de\/unsere-aktivitaeten\/bootstransport\/\" \/>\n<meta property=\"og:locale\" content=\"de_DE\" \/>\n<meta property=\"og:type\" content=\"article\" \/>\n<meta property=\"og:title\" content=\"Bootstransport, Genferseebecken und Europa | Friderici Special\" \/>\n<meta property=\"og:description\" content=\"Ihr Experte f\u00fcr die \u00dcberf\u00fchrung von Booten im Genferseegebiet und in Europa. Vom Genfersee bis zu den Ozeanen ist Ihr Boot in guten H\u00e4nden\" \/>\n<meta property=\"og:url\" content=\"https:\/\/www.friderici.com\/de\/unsere-aktivitaeten\/bootstransport\/\" \/>\n<meta property=\"og:site_name\" content=\"Friderici Sp\u00e9cial\" \/>\n<meta property=\"article:modified_time\" content=\"2024-07-30T07:44:13+00:00\" \/>\n<meta name=\"twitter:card\" content=\"summary_large_image\" \/>\n<script type=\"application\/ld+json\" class=\"yoast-schema-graph\">{\"@context\":\"https:\/\/schema.org\",\"@graph\":[{\"@type\":\"WebPage\",\"@id\":\"https:\/\/www.friderici.com\/de\/unsere-aktivitaeten\/bootstransport\/\",\"url\":\"https:\/\/www.friderici.com\/de\/unsere-aktivitaeten\/bootstransport\/\",\"name\":\"Bootstransport, Genferseebecken und Europa | Friderici Special\",\"isPartOf\":{\"@id\":\"https:\/\/www.friderici.com\/de\/#website\"},\"datePublished\":\"2023-11-06T11:49:21+00:00\",\"dateModified\":\"2024-07-30T07:44:13+00:00\",\"description\":\"Ihr Experte f\u00fcr die \u00dcberf\u00fchrung von Booten im Genferseegebiet und in Europa. Vom Genfersee bis zu den Ozeanen ist Ihr Boot in guten H\u00e4nden\",\"breadcrumb\":{\"@id\":\"https:\/\/www.friderici.com\/de\/unsere-aktivitaeten\/bootstransport\/#breadcrumb\"},\"inLanguage\":\"de\",\"potentialAction\":[{\"@type\":\"ReadAction\",\"target\":[\"https:\/\/www.friderici.com\/de\/unsere-aktivitaeten\/bootstransport\/\"]}]},{\"@type\":\"BreadcrumbList\",\"@id\":\"https:\/\/www.friderici.com\/de\/unsere-aktivitaeten\/bootstransport\/#breadcrumb\",\"itemListElement\":[{\"@type\":\"ListItem\",\"position\":1,\"name\":\"Accueil\",\"item\":\"https:\/\/www.friderici.com\/de\/\"},{\"@type\":\"ListItem\",\"position\":2,\"name\":\"Unsere Aktivit\u00e4ten\",\"item\":\"https:\/\/www.friderici.com\/de\/unsere-aktivitaeten\/\"},{\"@type\":\"ListItem\",\"position\":3,\"name\":\"Bootstransport\"}]},{\"@type\":\"WebSite\",\"@id\":\"https:\/\/www.friderici.com\/de\/#website\",\"url\":\"https:\/\/www.friderici.com\/de\/\",\"name\":\"Friderici Sp\u00e9cial\",\"description\":\"\",\"publisher\":{\"@id\":\"https:\/\/www.friderici.com\/de\/#organization\"},\"potentialAction\":[{\"@type\":\"SearchAction\",\"target\":{\"@type\":\"EntryPoint\",\"urlTemplate\":\"https:\/\/www.friderici.com\/de\/?s={search_term_string}\"},\"query-input\":{\"@type\":\"PropertyValueSpecification\",\"valueRequired\":true,\"valueName\":\"search_term_string\"}}],\"inLanguage\":\"de\"},{\"@type\":\"Organization\",\"@id\":\"https:\/\/www.friderici.com\/de\/#organization\",\"name\":\"Friderici Sp\u00e9cial\",\"url\":\"https:\/\/www.friderici.com\/de\/\",\"logo\":{\"@type\":\"ImageObject\",\"inLanguage\":\"de\",\"@id\":\"https:\/\/www.friderici.com\/de\/#\/schema\/logo\/image\/\",\"url\":\"https:\/\/www.friderici.com\/wp-content\/uploads\/2021\/07\/friderici-special-logo-blanc.png\",\"contentUrl\":\"https:\/\/www.friderici.com\/wp-content\/uploads\/2021\/07\/friderici-special-logo-blanc.png\",\"width\":344,\"height\":70,\"caption\":\"Friderici Sp\u00e9cial\"},\"image\":{\"@id\":\"https:\/\/www.friderici.com\/de\/#\/schema\/logo\/image\/\"}}]}<\/script>\n<!-- \/ Yoast SEO plugin. -->","yoast_head_json":{"title":"Bootstransport, Genferseebecken und Europa | Friderici Special","description":"Ihr Experte f\u00fcr die \u00dcberf\u00fchrung von Booten im Genferseegebiet und in Europa. Vom Genfersee bis zu den Ozeanen ist Ihr Boot in guten H\u00e4nden","robots":{"index":"index","follow":"follow","max-snippet":"max-snippet:-1","max-image-preview":"max-image-preview:large","max-video-preview":"max-video-preview:-1"},"canonical":"https:\/\/www.friderici.com\/de\/unsere-aktivitaeten\/bootstransport\/","og_locale":"de_DE","og_type":"article","og_title":"Bootstransport, Genferseebecken und Europa | Friderici Special","og_description":"Ihr Experte f\u00fcr die \u00dcberf\u00fchrung von Booten im Genferseegebiet und in Europa. Vom Genfersee bis zu den Ozeanen ist Ihr Boot in guten H\u00e4nden","og_url":"https:\/\/www.friderici.com\/de\/unsere-aktivitaeten\/bootstransport\/","og_site_name":"Friderici Sp\u00e9cial","article_modified_time":"2024-07-30T07:44:13+00:00","twitter_card":"summary_large_image","schema":{"@context":"https:\/\/schema.org","@graph":[{"@type":"WebPage","@id":"https:\/\/www.friderici.com\/de\/unsere-aktivitaeten\/bootstransport\/","url":"https:\/\/www.friderici.com\/de\/unsere-aktivitaeten\/bootstransport\/","name":"Bootstransport, Genferseebecken und Europa | Friderici Special","isPartOf":{"@id":"https:\/\/www.friderici.com\/de\/#website"},"datePublished":"2023-11-06T11:49:21+00:00","dateModified":"2024-07-30T07:44:13+00:00","description":"Ihr Experte f\u00fcr die \u00dcberf\u00fchrung von Booten im Genferseegebiet und in Europa. Vom Genfersee bis zu den Ozeanen ist Ihr Boot in guten H\u00e4nden","breadcrumb":{"@id":"https:\/\/www.friderici.com\/de\/unsere-aktivitaeten\/bootstransport\/#breadcrumb"},"inLanguage":"de","potentialAction":[{"@type":"ReadAction","target":["https:\/\/www.friderici.com\/de\/unsere-aktivitaeten\/bootstransport\/"]}]},{"@type":"BreadcrumbList","@id":"https:\/\/www.friderici.com\/de\/unsere-aktivitaeten\/bootstransport\/#breadcrumb","itemListElement":[{"@type":"ListItem","position":1,"name":"Accueil","item":"https:\/\/www.friderici.com\/de\/"},{"@type":"ListItem","position":2,"name":"Unsere Aktivit\u00e4ten","item":"https:\/\/www.friderici.com\/de\/unsere-aktivitaeten\/"},{"@type":"ListItem","position":3,"name":"Bootstransport"}]},{"@type":"WebSite","@id":"https:\/\/www.friderici.com\/de\/#website","url":"https:\/\/www.friderici.com\/de\/","name":"Friderici Sp\u00e9cial","description":"","publisher":{"@id":"https:\/\/www.friderici.com\/de\/#organization"},"potentialAction":[{"@type":"SearchAction","target":{"@type":"EntryPoint","urlTemplate":"https:\/\/www.friderici.com\/de\/?s={search_term_string}"},"query-input":{"@type":"PropertyValueSpecification","valueRequired":true,"valueName":"search_term_string"}}],"inLanguage":"de"},{"@type":"Organization","@id":"https:\/\/www.friderici.com\/de\/#organization","name":"Friderici Sp\u00e9cial","url":"https:\/\/www.friderici.com\/de\/","logo":{"@type":"ImageObject","inLanguage":"de","@id":"https:\/\/www.friderici.com\/de\/#\/schema\/logo\/image\/","url":"https:\/\/www.friderici.com\/wp-content\/uploads\/2021\/07\/friderici-special-logo-blanc.png","contentUrl":"https:\/\/www.friderici.com\/wp-content\/uploads\/2021\/07\/friderici-special-logo-blanc.png","width":344,"height":70,"caption":"Friderici Sp\u00e9cial"},"image":{"@id":"https:\/\/www.friderici.com\/de\/#\/schema\/logo\/image\/"}}]}},"_links":{"self":[{"href":"https:\/\/www.friderici.com\/de\/wp-json\/wp\/v2\/pages\/30460","targetHints":{"allow":["GET"]}}],"collection":[{"href":"https:\/\/www.friderici.com\/de\/wp-json\/wp\/v2\/pages"}],"about":[{"href":"https:\/\/www.friderici.com\/de\/wp-json\/wp\/v2\/types\/page"}],"author":[{"embeddable":true,"href":"https:\/\/www.friderici.com\/de\/wp-json\/wp\/v2\/users\/1"}],"replies":[{"embeddable":true,"href":"https:\/\/www.friderici.com\/de\/wp-json\/wp\/v2\/comments?post=30460"}],"version-history":[{"count":9,"href":"https:\/\/www.friderici.com\/de\/wp-json\/wp\/v2\/pages\/30460\/revisions"}],"predecessor-version":[{"id":33047,"href":"https:\/\/www.friderici.com\/de\/wp-json\/wp\/v2\/pages\/30460\/revisions\/33047"}],"up":[{"embeddable":true,"href":"https:\/\/www.friderici.com\/de\/wp-json\/wp\/v2\/pages\/3596"}],"wp:attachment":[{"href":"https:\/\/www.friderici.com\/de\/wp-json\/wp\/v2\/media?parent=30460"}],"curies":[{"name":"wp","href":"https:\/\/api.w.org\/{rel}","templated":true}]}}